{"id":19,"date":"2024-07-12T19:42:53","date_gmt":"2024-07-12T19:42:53","guid":{"rendered":"https:\/\/importadorayexportadora.com\/?page_id=19"},"modified":"2025-01-30T18:38:16","modified_gmt":"2025-01-30T18:38:16","slug":"paquetes-retenidos","status":"publish","type":"page","link":"https:\/\/importadorayexportadora.com\/en\/paquetes-retenidos\/","title":{"rendered":"Held packages"},"content":{"rendered":"<p>[et_pb_section fb_built=&#8221;1&#8243; admin_label=&#8221;Paquetes Retenidos&#8221; _builder_version=&#8221;4.26.0&#8243; _module_preset=&#8221;default&#8221; background_color=&#8221;#0f172d&#8221; background_enable_pattern_style=&#8221;on&#8221; background_pattern_style=&#8221;honeycomb&#8221; background_pattern_color=&#8221;#252347&#8243; background_pattern_horizontal_offset=&#8221;-33%&#8221; custom_margin=&#8221;-62px|||||&#8221; locked=&#8221;off&#8221; collapsed=&#8221;off&#8221; global_colors_info=&#8221;{}&#8221;][et_pb_row column_structure=&#8221;1_2,1_2&#8243; _builder_version=&#8221;4.26.0&#8243; _module_preset=&#8221;default&#8221; custom_padding=&#8221;0px||0px||true|false&#8221; collapsed=&#8221;off&#8221; global_colors_info=&#8221;{}&#8221;][et_pb_column type=&#8221;1_2&#8243; _builder_version=&#8221;4.25.2&#8243; _module_preset=&#8221;default&#8221; global_colors_info=&#8221;{}&#8221;][et_pb_heading title=&#8221;Paquetes Retenidos&#8221; admin_label=&#8221;Paquetes retenidos&#8221; _builder_version=&#8221;4.26.0&#8243; _module_preset=&#8221;90e142ce-bc18-4c52-8803-8f57fece6c4f&#8221; title_font=&#8221;|700|||||||&#8221; title_text_align=&#8221;center&#8221; title_text_color=&#8221;#FFFFFF&#8221; title_font_size=&#8221;62px&#8221; title_letter_spacing=&#8221;2px&#8221; title_line_height=&#8221;1.2em&#8221; width=&#8221;83.9%&#8221; module_alignment=&#8221;center&#8221; min_height_tablet=&#8221;&#8221; min_height_phone=&#8221;100px&#8221; min_height_last_edited=&#8221;on|phone&#8221; custom_margin=&#8221;|285px|10px||false|false&#8221; custom_margin_tablet=&#8221;10px|285px|10px||false|false&#8221; custom_margin_phone=&#8221;20px|0px|10px|0px|false|false&#8221; custom_margin_last_edited=&#8221;on|phone&#8221; custom_padding=&#8221;|0px||0px|false|false&#8221; title_text_align_tablet=&#8221;center&#8221; title_text_align_phone=&#8221;center&#8221; title_text_align_last_edited=&#8221;on|phone&#8221; title_font_size_tablet=&#8221;50px&#8221; title_font_size_phone=&#8221;40px&#8221; title_font_size_last_edited=&#8221;on|tablet&#8221; title_letter_spacing_tablet=&#8221;2px&#8221; title_letter_spacing_phone=&#8221;2px&#8221; title_letter_spacing_last_edited=&#8221;on|phone&#8221; title_line_height_tablet=&#8221;1.2em&#8221; title_line_height_phone=&#8221;1.2em&#8221; title_line_height_last_edited=&#8221;on|phone&#8221; global_colors_info=&#8221;{}&#8221;][\/et_pb_heading][et_pb_text admin_label=&#8221;Texto&#8221; _builder_version=&#8221;4.26.0&#8243; _module_preset=&#8221;bdb43048-1d93-4e2d-9aec-4a1d8af54ddc&#8221; text_font_size=&#8221;15px&#8221; width=&#8221;94.3%&#8221; module_alignment=&#8221;center&#8221; custom_margin=&#8221;|112px||||&#8221; custom_margin_tablet=&#8221;|112px||||&#8221; custom_margin_phone=&#8221;|0px||10px|false|false&#8221; custom_margin_last_edited=&#8221;on|phone&#8221; text_line_height_tablet=&#8221;&#8221; text_line_height_phone=&#8221;1.5em&#8221; text_line_height_last_edited=&#8221;on|phone&#8221; module_alignment_tablet=&#8221;center&#8221; module_alignment_phone=&#8221;center&#8221; module_alignment_last_edited=&#8221;on|tablet&#8221; global_colors_info=&#8221;{}&#8221;]<\/p>\n<p><span style=\"color: #ffffff;\">En Importadora y Exportadora GMR nos especializamos en recuperar los paquetes que han sido retenidos en ADUANA.\u00a0<\/span><\/p>\n<p><span style=\"color: #ffffff;\">Te ayudamos a agilizar los tr\u00e1mites, y recuperar tu paquete en muy poco tiempo.<\/span><\/p>\n<p>[\/et_pb_text][et_pb_button button_url=&#8221;https:\/\/importadorayexportadora.com\/contacto\/&#8221; button_text=&#8221;Cotizar ahora&#8221; button_alignment_tablet=&#8221;&#8221; button_alignment_phone=&#8221;center&#8221; button_alignment_last_edited=&#8221;on|phone&#8221; admin_label=&#8221;Cotizar ahora&#8221; _builder_version=&#8221;4.26.0&#8243; _module_preset=&#8221;84dde62d-71b5-4131-9dda-f9d54e317594&#8243; global_colors_info=&#8221;{}&#8221;][\/et_pb_button][\/et_pb_column][et_pb_column type=&#8221;1_2&#8243; _builder_version=&#8221;4.26.0&#8243; _module_preset=&#8221;default&#8221; global_colors_info=&#8221;{}&#8221;][et_pb_image src=&#8221;https:\/\/importadorayexportadora.com\/wp-content\/uploads\/2024\/07\/paquetes-retenidos.jpeg&#8221; title_text=&#8221;paquetes retenidos&#8221; admin_label=&#8221;Imagen paquetes&#8221; _builder_version=&#8221;4.26.0&#8243; _module_preset=&#8221;default&#8221; custom_padding=&#8221;||0px|||&#8221; global_colors_info=&#8221;{}&#8221;][\/et_pb_image][\/et_pb_column][\/et_pb_row][\/et_pb_section][et_pb_section fb_built=&#8221;1&#8243; _builder_version=&#8221;4.26.0&#8243; _module_preset=&#8221;default&#8221; custom_padding=&#8221;0px|||||&#8221; global_colors_info=&#8221;{}&#8221;][et_pb_row admin_label=&#8221;Paquetes detenidos texto&#8221; _builder_version=&#8221;4.26.0&#8243; _module_preset=&#8221;default&#8221; locked=&#8221;off&#8221; collapsed=&#8221;on&#8221; global_colors_info=&#8221;{}&#8221;][et_pb_column type=&#8221;4_4&#8243; _builder_version=&#8221;4.26.0&#8243; _module_preset=&#8221;default&#8221; global_colors_info=&#8221;{}&#8221;][et_pb_text _builder_version=&#8221;4.26.0&#8243; _module_preset=&#8221;default&#8221; text_font=&#8221;|700|||||||&#8221; text_font_size=&#8221;20px&#8221; global_colors_info=&#8221;{}&#8221;]<\/p>\n<p>PAQUETES DETENIDOS<\/p>\n<p>[\/et_pb_text][et_pb_text _builder_version=&#8221;4.26.0&#8243; _module_preset=&#8221;default&#8221; global_colors_info=&#8221;{}&#8221;]<\/p>\n<p>Liberamos tu mercanc\u00eda retenida, en paquetes como DHL, FedEx, UPS, y contamos con asesor\u00eda de liberaci\u00f3n.<\/p>\n<p>[\/et_pb_text][\/et_pb_column][\/et_pb_row][et_pb_row column_structure=&#8221;3_5,2_5&#8243; _builder_version=&#8221;4.26.0&#8243; _module_preset=&#8221;default&#8221; global_colors_info=&#8221;{}&#8221;][et_pb_column type=&#8221;3_5&#8243; _builder_version=&#8221;4.26.0&#8243; _module_preset=&#8221;default&#8221; global_colors_info=&#8221;{}&#8221;][et_pb_text admin_label=&#8221;Retienen los paquetes &#8221; _builder_version=&#8221;4.26.0&#8243; _module_preset=&#8221;default&#8221; text_font=&#8221;|700|||||||&#8221; text_text_color=&#8221;#b0ce31&#8243; text_font_size=&#8221;25px&#8221; min_height=&#8221;69.6px&#8221; custom_margin=&#8221;20px|0px|-3px|25px|false|false&#8221; custom_padding=&#8221;0px|11px||||&#8221; locked=&#8221;off&#8221; global_colors_info=&#8221;{}&#8221;]<\/p>\n<p style=\"text-align: left;\"><img loading=\"lazy\" decoding=\"async\" src=\"https:\/\/cdn-icons-png.flaticon.com\/128\/7662\/7662509.png\" alt=\"entrega de paquetes\" width=\"60\" height=\"60\" \/>\u00a0 \u00a0 \u00a0\u00bfPor qu\u00e9 retienen los paquetes?<\/p>\n<p>[\/et_pb_text][et_pb_divider divider_position=&#8221;bottom&#8221; divider_weight=&#8221;3px&#8221; _builder_version=&#8221;4.26.0&#8243; _module_preset=&#8221;default&#8221; custom_margin=&#8221;||0px||false|false&#8221; custom_padding=&#8221;||0px||false|false&#8221; locked=&#8221;off&#8221; global_colors_info=&#8221;{}&#8221;][\/et_pb_divider][et_pb_toggle title=&#8221;Leer m\u00e1s&#8230;&#8221; admin_label=&#8221;Leer mas&#8221; _builder_version=&#8221;4.26.0&#8243; _module_preset=&#8221;default&#8221; title_font_size=&#8221;20px&#8221; custom_padding=&#8221;30px||30px|25px|true|false&#8221; locked=&#8221;off&#8221; global_colors_info=&#8221;{}&#8221;]<\/p>\n<p><span>Basado en el art\u00edculo 158 de la Ley Aduanera, en el proceso del reconocimiento aduanero, las autoridades tienen la facultad de retener la mercanc\u00eda cuando.<\/span><span><\/span><\/p>\n<p><span><\/span><\/p>\n<ol>\n<li><span>El valor declarado sea inferior al precio estimado por la Secretar\u00eda de Hacienda y Cr\u00e9dito P\u00fablico.<\/span><\/li>\n<li><span>No se acredite el cumplimiento de normas oficiales mexicanas de informaci\u00f3n comercial.<\/span><\/li>\n<li><span>Se introduzca a territorio nacional por lugar no autorizado o cuando el tr\u00e1nsito internacional se desv\u00ede de las rutas fiscales.<\/span><\/li>\n<li><span>Se trate de una importaci\u00f3n o exportaci\u00f3n de art\u00edculos prohibidos o sujetos a regulaciones no arancelarias.<\/span><\/li>\n<li><span>Se detecta mercanc\u00eda no declarada.<\/span><\/li>\n<\/ol>\n<p><span>En Importadora y Exportadora GMR, evitamos a toda costa que la mercanc\u00eda de los clientes sea retenida por ADUANA. Contamos con expertos en materia aduanal que te permitir\u00e1n hacer cualquier operaci\u00f3n de comercio exterior de manera segura.<\/span><\/p>\n<p>[\/et_pb_toggle][\/et_pb_column][et_pb_column type=&#8221;2_5&#8243; _builder_version=&#8221;4.26.0&#8243; _module_preset=&#8221;default&#8221; global_colors_info=&#8221;{}&#8221;][et_pb_image src=&#8221;https:\/\/importadorayexportadora.com\/wp-content\/uploads\/2024\/07\/Paquetes-scaled.jpg&#8221; title_text=&#8221;Paquetes&#8221; _builder_version=&#8221;4.26.0&#8243; _module_preset=&#8221;default&#8221; global_colors_info=&#8221;{}&#8221;][\/et_pb_image][\/et_pb_column][\/et_pb_row][et_pb_row _builder_version=&#8221;4.26.0&#8243; _module_preset=&#8221;default&#8221; global_colors_info=&#8221;{}&#8221;][et_pb_column type=&#8221;4_4&#8243; _builder_version=&#8221;4.26.0&#8243; _module_preset=&#8221;default&#8221; global_colors_info=&#8221;{}&#8221;][et_pb_button button_url=&#8221;https:\/\/importadorayexportadora.com\/contacto\/&#8221; button_text=&#8221;COTIZAR AHORA&#8221; button_alignment=&#8221;center&#8221; admin_label=&#8221;Bot\u00f3n cotizar ahora&#8221; _builder_version=&#8221;4.26.0&#8243; _module_preset=&#8221;default&#8221; global_colors_info=&#8221;{}&#8221;][\/et_pb_button][\/et_pb_column][\/et_pb_row][\/et_pb_section]<\/p>\n","protected":false},"excerpt":{"rendered":"<p>En Importadora y Exportadora GMR nos especializamos en recuperar los paquetes que han sido retenidos en ADUANA.\u00a0 Te ayudamos a agilizar los tr\u00e1mites, y recuperar tu paquete en muy poco tiempo.PAQUETES DETENIDOSLiberamos tu mercanc\u00eda retenida, en paquetes como DHL, FedEx, UPS, y contamos con asesor\u00eda de liberaci\u00f3n.\u00a0 \u00a0 \u00a0\u00bfPor qu\u00e9 retienen los paquetes?Basado en el [&hellip;]<\/p>\n","protected":false},"author":1,"featured_media":0,"parent":0,"menu_order":0,"comment_status":"closed","ping_status":"closed","template":"","meta":{"_et_pb_use_builder":"on","_et_pb_old_content":"","_et_gb_content_width":"","_joinchat":[],"footnotes":""},"class_list":["post-19","page","type-page","status-publish","hentry"],"_links":{"self":[{"href":"https:\/\/importadorayexportadora.com\/en\/wp-json\/wp\/v2\/pages\/19","targetHints":{"allow":["GET"]}}],"collection":[{"href":"https:\/\/importadorayexportadora.com\/en\/wp-json\/wp\/v2\/pages"}],"about":[{"href":"https:\/\/importadorayexportadora.com\/en\/wp-json\/wp\/v2\/types\/page"}],"author":[{"embeddable":true,"href":"https:\/\/importadorayexportadora.com\/en\/wp-json\/wp\/v2\/users\/1"}],"replies":[{"embeddable":true,"href":"https:\/\/importadorayexportadora.com\/en\/wp-json\/wp\/v2\/comments?post=19"}],"version-history":[{"count":12,"href":"https:\/\/importadorayexportadora.com\/en\/wp-json\/wp\/v2\/pages\/19\/revisions"}],"predecessor-version":[{"id":388840,"href":"https:\/\/importadorayexportadora.com\/en\/wp-json\/wp\/v2\/pages\/19\/revisions\/388840"}],"wp:attachment":[{"href":"https:\/\/importadorayexportadora.com\/en\/wp-json\/wp\/v2\/media?parent=19"}],"curies":[{"name":"wp","href":"https:\/\/api.w.org\/{rel}","templated":true}]}}